{"id":137,"date":"2017-02-03T15:01:01","date_gmt":"2017-02-03T13:01:01","guid":{"rendered":"http:\/\/www.horseteq.com\/shop\/sv\/shop\/horseteq-basic-kit-sv\/"},"modified":"2026-02-03T20:37:05","modified_gmt":"2026-02-03T18:37:05","slug":"horseteq-basic-kit-sv","status":"publish","type":"product","link":"https:\/\/www.horseteq.com\/shop\/sv\/product\/horseteq-basic-kit-sv\/","title":{"rendered":"Horseteq Basic Kit"},"content":{"rendered":"<p><strong>P\u00e5g\u00e5ende arbete<\/strong><br \/>\nMed hj\u00e4lp av Horseteq f\u00e5r du information om din h\u00e4sts hastighet samt kan analysera dess g\u00e5ng och observera dess symmetri. Allt detta hj\u00e4lper dig att l\u00e4gga upp tr\u00e4ningsscheman och att s\u00e4kerst\u00e4lla att din h\u00e4st m\u00e5r bra. Horseteqsensorer \u00e4r sm\u00e5 och l\u00e4ttviktiga och utnyttjar den senaste tekniken. De laddar och \u00f6verf\u00f6r data tr\u00e5dl\u00f6st, varigenom det \u00e4r l\u00e4tt att anv\u00e4nda dem i stallarna. Sensorerna \u00e4r \u00e4ven helt vattent\u00e4ta och kan anv\u00e4ndas i alla v\u00e4derf\u00f6rh\u00e5llanden. Placera en sensor i varje skydd som kommer med f\u00f6rpackningen och s\u00e4tt fast dem runt h\u00e4stens ben.<\/p>\n<p>Med den l\u00e4tthanterliga Horseteqapplikationen kan du f\u00f6lja din h\u00e4sts varje steg p\u00e5 sk\u00e4rmen p\u00e5 en mobilapparat \u2013 till och med i realtid. Applikationens tr\u00e4ningsdagbok sparar varje tr\u00e4ningspass, varigenom du kan granska din h\u00e4sts utveckling n\u00e4r som helst.<\/p>\n<p>Horseteq Basic Kit inneh\u00e5ller:<\/p>\n<ul>\n<li>Fyra Horseteqsensorer<\/li>\n<li>Fyra band<\/li>\n<li>Tr\u00e5dl\u00f6s laddningsplattform f\u00f6r fyra sensorer (USB typ C-kompatibel)<\/li>\n<li>Elkabel<\/li>\n<\/ul>\n","protected":false},"excerpt":{"rendered":"<p>P\u00e5g\u00e5ende arbete Med hj\u00e4lp av Horseteq f\u00e5r du information om din h\u00e4sts hastighet samt kan analysera dess g\u00e5ng och observera dess symmetri. Allt detta hj\u00e4lper dig att l\u00e4gga upp tr\u00e4ningsscheman och att s\u00e4kerst\u00e4lla att din h\u00e4st m\u00e5r bra. Horseteqsensorer \u00e4r sm\u00e5 och l\u00e4ttviktiga och utnyttjar den senaste tekniken. De laddar och \u00f6verf\u00f6r data tr\u00e5dl\u00f6st, varigenom &hellip; <\/p>\n<p class=\"link-more\"><a href=\"https:\/\/www.horseteq.com\/shop\/sv\/product\/horseteq-basic-kit-sv\/\" class=\"more-link\">Read More <span class=\"screen-reader-text\"> &#8220;Horseteq Basic Kit&#8221;<\/span><\/a><\/p>\n","protected":false},"featured_media":85,"comment_status":"open","ping_status":"closed","template":"","meta":[],"product_cat":[72],"product_tag":[],"class_list":{"0":"post-137","1":"product","2":"type-product","3":"status-publish","4":"has-post-thumbnail","6":"product_cat-uncategorized-en-sv","8":"first","9":"instock","10":"taxable","11":"shipping-taxable","12":"product-type-simple"},"_links":{"self":[{"href":"https:\/\/www.horseteq.com\/shop\/wp-json\/wp\/v2\/product\/137","targetHints":{"allow":["GET"]}}],"collection":[{"href":"https:\/\/www.horseteq.com\/shop\/wp-json\/wp\/v2\/product"}],"about":[{"href":"https:\/\/www.horseteq.com\/shop\/wp-json\/wp\/v2\/types\/product"}],"replies":[{"embeddable":true,"href":"https:\/\/www.horseteq.com\/shop\/wp-json\/wp\/v2\/comments?post=137"}],"wp:featuredmedia":[{"embeddable":true,"href":"https:\/\/www.horseteq.com\/shop\/wp-json\/wp\/v2\/media\/85"}],"wp:attachment":[{"href":"https:\/\/www.horseteq.com\/shop\/wp-json\/wp\/v2\/media?parent=137"}],"wp:term":[{"taxonomy":"product_cat","embeddable":true,"href":"https:\/\/www.horseteq.com\/shop\/wp-json\/wp\/v2\/product_cat?post=137"},{"taxonomy":"product_tag","embeddable":true,"href":"https:\/\/www.horseteq.com\/shop\/wp-json\/wp\/v2\/product_tag?post=137"}],"curies":[{"name":"wp","href":"https:\/\/api.w.org\/{rel}","templated":true}]}}