{"id":135,"date":"2017-02-03T14:50:54","date_gmt":"2017-02-03T12:50:54","guid":{"rendered":"http:\/\/www.horseteq.com\/shop\/fr\/shop\/horseteq-kit-essentiel\/"},"modified":"2026-02-03T20:36:53","modified_gmt":"2026-02-03T18:36:53","slug":"horseteq-kit-essentiel","status":"publish","type":"product","link":"https:\/\/www.horseteq.com\/shop\/fr\/product\/horseteq-kit-essentiel\/","title":{"rendered":"Horseteq kit essentiel"},"content":{"rendered":"<p><strong>Travaux en cours<\/strong><br \/>\nHorseteq fournit une information pr\u00e9cieuse sur la vitesse de votre cheval, l\u00b4analyse de son allure et sa sym\u00e9trie. Vous avez ainsi les cl\u00e9s n\u00e9cessaires \u00e0 l\u00b4\u00e9laboration du plan d&#8217;entra\u00eenement optimal tout en vous assurant du bien-\u00eatre de votre cheval. Nos capteurs, compacts et l\u00e9gers, sont \u00e9quip\u00e9s de la toute derni\u00e8re technologie. Gr\u00e2ce \u00e0 leurs syst\u00e8mes de chargement et transmission des donn\u00e9es sans fil, ils sont faciles \u00e0 utiliser \u00e0 l\u00b4\u00e9curie. Parfaitement \u00e9tanches, ils peuvent \u00eatre utilis\u00e9s par tous temps. Un capteur doit simplement \u00eatre ins\u00e9r\u00e9 dans chacune des protections fournies, et celles-ci plac\u00e9es autour des canons de votre cheval.<\/p>\n<p>Avec l&#8217;application gratuite Horseteq vous pouvez observer chaque pas de votre cheval sur votre mobile, y compris en temps r\u00e9el. L\u00b4enregistrement de chaque session d\u00b4entra\u00eenement dans le journal de l\u00b4application vous permet d\u00b4examiner les progr\u00e8s de votre cheval \u00e0 tout moment.<\/p>\n<p>Le kit essentiel contient:<\/p>\n<ul>\n<li>4 x capteurs Horseteq<\/li>\n<li>4 x protections<\/li>\n<li>Tapis de recharge sans fil pour 4 capteurs (compatible avec \u00a0un port USB de type C)<\/li>\n<li>Cordon d\u00b4alimentation<\/li>\n<\/ul>\n","protected":false},"excerpt":{"rendered":"<p>Travaux en cours Horseteq fournit une information pr\u00e9cieuse sur la vitesse de votre cheval, l\u00b4analyse de son allure et sa sym\u00e9trie. Vous avez ainsi les cl\u00e9s n\u00e9cessaires \u00e0 l\u00b4\u00e9laboration du plan d&#8217;entra\u00eenement optimal tout en vous assurant du bien-\u00eatre de votre cheval. Nos capteurs, compacts et l\u00e9gers, sont \u00e9quip\u00e9s de la toute derni\u00e8re technologie. Gr\u00e2ce &hellip; <\/p>\n<p class=\"link-more\"><a href=\"https:\/\/www.horseteq.com\/shop\/fr\/product\/horseteq-kit-essentiel\/\" class=\"more-link\">Read More <span class=\"screen-reader-text\"> &#8220;Horseteq kit essentiel&#8221;<\/span><\/a><\/p>\n","protected":false},"featured_media":85,"comment_status":"open","ping_status":"closed","template":"","meta":[],"product_cat":[75],"product_tag":[],"class_list":{"0":"post-135","1":"product","2":"type-product","3":"status-publish","4":"has-post-thumbnail","6":"product_cat-uncategorized-en-fr","8":"first","9":"instock","10":"taxable","11":"shipping-taxable","12":"product-type-simple"},"_links":{"self":[{"href":"https:\/\/www.horseteq.com\/shop\/wp-json\/wp\/v2\/product\/135","targetHints":{"allow":["GET"]}}],"collection":[{"href":"https:\/\/www.horseteq.com\/shop\/wp-json\/wp\/v2\/product"}],"about":[{"href":"https:\/\/www.horseteq.com\/shop\/wp-json\/wp\/v2\/types\/product"}],"replies":[{"embeddable":true,"href":"https:\/\/www.horseteq.com\/shop\/wp-json\/wp\/v2\/comments?post=135"}],"wp:featuredmedia":[{"embeddable":true,"href":"https:\/\/www.horseteq.com\/shop\/wp-json\/wp\/v2\/media\/85"}],"wp:attachment":[{"href":"https:\/\/www.horseteq.com\/shop\/wp-json\/wp\/v2\/media?parent=135"}],"wp:term":[{"taxonomy":"product_cat","embeddable":true,"href":"https:\/\/www.horseteq.com\/shop\/wp-json\/wp\/v2\/product_cat?post=135"},{"taxonomy":"product_tag","embeddable":true,"href":"https:\/\/www.horseteq.com\/shop\/wp-json\/wp\/v2\/product_tag?post=135"}],"curies":[{"name":"wp","href":"https:\/\/api.w.org\/{rel}","templated":true}]}}